{"id":36966,"date":"2013-03-30T14:55:21","date_gmt":"2017-03-30T13:55:21","guid":{"rendered":"http:\/\/nesma.shop\/product\/granada"},"modified":"2017-04-03T22:19:11","modified_gmt":"2017-04-03T21:19:11","slug":"granada","status":"publish","type":"product","link":"https:\/\/nesma.shop\/en\/granada\/","title":{"rendered":"Granada"},"content":{"rendered":"<p><strong>Granada<br \/>\n<\/strong>Composici\u00f3n de <em>August\u00edn Lara<br \/>\n<\/em><\/p>\n<p>Este tema es una versi\u00f3n \u00e1rabe de la famosa canci\u00f3n l\u00edrica del compositor mexicano <em>Augustin Lara<\/em> inspirada en la cuidad de Granada. Es arreglada por el m\u00fasico egipcio Moddathir Aboul Wafa para su interpretaci\u00f3n con una formaci\u00f3n \u00e1rabe. Es interpretada aqui por brillantes interpretes egipcios: Qanun : Maged Sorour , Kawala : Abdallah Helmy , Violin : Reda Ragab , Violoncello : Mohamed Balboul.<\/p>\n<p><iframe loading=\"lazy\" src=\"https:\/\/w.soundcloud.com\/player\/?url=https%3A\/\/api.soundcloud.com\/tracks\/315069977&amp;color=ff5500&amp;auto_play=false&amp;hide_related=false&amp;show_comments=true&amp;show_user=true&amp;show_reposts=false\" width=\"100%\" height=\"166\" frameborder=\"no\" scrolling=\"no\"><\/iframe><\/p>\n<p><strong>\u00a0<\/strong><\/p>\n<p>&nbsp;<\/p>\n","protected":false},"excerpt":{"rendered":"<p>Artista: <strong>Nesma<\/strong><\/p>\n<p>T\u00edtulo: <strong>Granada<br \/>\n<\/strong><\/p>\n<p>Album: <strong>El Nasseem &#8211; Oriental Dance Music Vol 3<br \/>\n<\/strong><\/p>\n<p>Formato: <strong>MP3<\/strong> \/ <strong>WAV<\/strong><\/p>\n<p>[ssba]<\/p>\n","protected":false},"featured_media":36927,"comment_status":"open","ping_status":"closed","template":"","meta":[],"product_cat":[226,227],"product_tag":[238,229,245,246,233],"aioseo_notices":[],"_links":{"self":[{"href":"https:\/\/nesma.shop\/en\/wp-json\/wp\/v2\/product\/36966"}],"collection":[{"href":"https:\/\/nesma.shop\/en\/wp-json\/wp\/v2\/product"}],"about":[{"href":"https:\/\/nesma.shop\/en\/wp-json\/wp\/v2\/types\/product"}],"replies":[{"embeddable":true,"href":"https:\/\/nesma.shop\/en\/wp-json\/wp\/v2\/comments?post=36966"}],"wp:featuredmedia":[{"embeddable":true,"href":"https:\/\/nesma.shop\/en\/wp-json\/wp\/v2\/media\/36927"}],"wp:attachment":[{"href":"https:\/\/nesma.shop\/en\/wp-json\/wp\/v2\/media?parent=36966"}],"wp:term":[{"taxonomy":"product_cat","embeddable":true,"href":"https:\/\/nesma.shop\/en\/wp-json\/wp\/v2\/product_cat?post=36966"},{"taxonomy":"product_tag","embeddable":true,"href":"https:\/\/nesma.shop\/en\/wp-json\/wp\/v2\/product_tag?post=36966"}],"curies":[{"name":"wp","href":"https:\/\/api.w.org\/{rel}","templated":true}]}}