{"id":36975,"date":"2013-03-30T14:49:58","date_gmt":"2017-03-30T13:49:58","guid":{"rendered":"http:\/\/nesma.shop\/product\/samai-el-arian"},"modified":"2017-04-03T22:19:14","modified_gmt":"2017-04-03T21:19:14","slug":"samai-el-arian","status":"publish","type":"product","link":"https:\/\/nesma.shop\/en\/samai-el-arian\/","title":{"rendered":"Samai El Arian"},"content":{"rendered":"<p><strong>Samai El Arian<br \/>\n<\/strong>Composici\u00f3n de <em>Ibrahim El Arian<br \/>\n<\/em><\/p>\n<p>El Samai es una forma m\u00fasical tradicional \u00e1rabe. Este tema, un cl\u00e1sico muy conocido en Oriente Medio, ha sido grabado aqui por una formation peque\u00f1a, llamada &#8220;Tajt&#8221;, formada por destacados m\u00fasicos egipcios bajo la direcci\u00f3n del compositor y arreglista Moddathir Aboul Wafa.<\/p>\n<p><iframe loading=\"lazy\" src=\"https:\/\/w.soundcloud.com\/player\/?url=https%3A\/\/api.soundcloud.com\/tracks\/315069985&amp;color=ff5500&amp;auto_play=false&amp;hide_related=false&amp;show_comments=true&amp;show_user=true&amp;show_reposts=false\" width=\"100%\" height=\"166\" frameborder=\"no\" scrolling=\"no\"><\/iframe><\/p>\n<p><strong>\u00a0<\/strong><\/p>\n<p>&nbsp;<\/p>\n","protected":false},"excerpt":{"rendered":"<p>Artista: <strong>Nesma<\/strong><\/p>\n<p>T\u00edtulo: <strong>Samai El Arian<br \/>\n<\/strong><\/p>\n<p>Album: <strong>El Nasseem &#8211; Oriental Dance Music Vol 3<br \/>\n<\/strong><\/p>\n<p>Formato: <strong>MP3<\/strong> \/ <strong>WAV<\/strong><\/p>\n<p>[ssba]<\/p>\n","protected":false},"featured_media":36927,"comment_status":"open","ping_status":"closed","template":"","meta":[],"product_cat":[226,227],"product_tag":[238,229,245,246,233],"aioseo_notices":[],"_links":{"self":[{"href":"https:\/\/nesma.shop\/en\/wp-json\/wp\/v2\/product\/36975"}],"collection":[{"href":"https:\/\/nesma.shop\/en\/wp-json\/wp\/v2\/product"}],"about":[{"href":"https:\/\/nesma.shop\/en\/wp-json\/wp\/v2\/types\/product"}],"replies":[{"embeddable":true,"href":"https:\/\/nesma.shop\/en\/wp-json\/wp\/v2\/comments?post=36975"}],"wp:featuredmedia":[{"embeddable":true,"href":"https:\/\/nesma.shop\/en\/wp-json\/wp\/v2\/media\/36927"}],"wp:attachment":[{"href":"https:\/\/nesma.shop\/en\/wp-json\/wp\/v2\/media?parent=36975"}],"wp:term":[{"taxonomy":"product_cat","embeddable":true,"href":"https:\/\/nesma.shop\/en\/wp-json\/wp\/v2\/product_cat?post=36975"},{"taxonomy":"product_tag","embeddable":true,"href":"https:\/\/nesma.shop\/en\/wp-json\/wp\/v2\/product_tag?post=36975"}],"curies":[{"name":"wp","href":"https:\/\/api.w.org\/{rel}","templated":true}]}}