{"id":36978,"date":"2013-03-30T14:46:57","date_gmt":"2017-03-30T13:46:57","guid":{"rendered":"http:\/\/nesma.shop\/product\/owlely-kelma-ya-nesma"},"modified":"2017-04-03T22:19:15","modified_gmt":"2017-04-03T21:19:15","slug":"owlely-kelma-ya-nesma","status":"publish","type":"product","link":"https:\/\/nesma.shop\/en\/owlely-kelma-ya-nesma\/","title":{"rendered":"Owlely Kelma Ya Nesma"},"content":{"rendered":"<p><strong>Owlely Kelma Ya Nesma\u00a0\u00a0 <\/strong><em>Cuentame algo Nesma<\/em><strong><br \/>\n<\/strong>Composici\u00f3n de <em>Ahmed Abdel Fattah<br \/>\n<\/em><\/p>\n<p>Pieza de estilo baladi por uno de los compositores y interpretes m\u00e1s emblematicos de este estilo puramente egipcio, el accordeonista Ahmed Abdel Fattah. Est\u00e1 acompa\u00f1ado aqui por interpretes de lujo.<\/p>\n<p><iframe loading=\"lazy\" src=\"https:\/\/w.soundcloud.com\/player\/?url=https%3A\/\/api.soundcloud.com\/tracks\/315069986&amp;color=ff5500&amp;auto_play=false&amp;hide_related=false&amp;show_comments=true&amp;show_user=true&amp;show_reposts=false\" width=\"100%\" height=\"166\" frameborder=\"no\" scrolling=\"no\"><\/iframe><\/p>\n<p><strong>\u00a0<\/strong><\/p>\n<p>&nbsp;<\/p>\n","protected":false},"excerpt":{"rendered":"<p>Artista: <strong>Nesma<\/strong><\/p>\n<p>T\u00edtulo: <strong>Owlely Kelma Ya Nesma<br \/>\n<\/strong><\/p>\n<p>Album: <strong>El Nasseem &#8211; Oriental Dance Music Vol 3<br \/>\n<\/strong><\/p>\n<p>Formato: <strong>MP3<\/strong> \/ <strong>WAV<\/strong><\/p>\n<p>[ssba]<\/p>\n","protected":false},"featured_media":36927,"comment_status":"open","ping_status":"closed","template":"","meta":[],"product_cat":[226,227],"product_tag":[238,229,245,246,233],"aioseo_notices":[],"_links":{"self":[{"href":"https:\/\/nesma.shop\/en\/wp-json\/wp\/v2\/product\/36978"}],"collection":[{"href":"https:\/\/nesma.shop\/en\/wp-json\/wp\/v2\/product"}],"about":[{"href":"https:\/\/nesma.shop\/en\/wp-json\/wp\/v2\/types\/product"}],"replies":[{"embeddable":true,"href":"https:\/\/nesma.shop\/en\/wp-json\/wp\/v2\/comments?post=36978"}],"wp:featuredmedia":[{"embeddable":true,"href":"https:\/\/nesma.shop\/en\/wp-json\/wp\/v2\/media\/36927"}],"wp:attachment":[{"href":"https:\/\/nesma.shop\/en\/wp-json\/wp\/v2\/media?parent=36978"}],"wp:term":[{"taxonomy":"product_cat","embeddable":true,"href":"https:\/\/nesma.shop\/en\/wp-json\/wp\/v2\/product_cat?post=36978"},{"taxonomy":"product_tag","embeddable":true,"href":"https:\/\/nesma.shop\/en\/wp-json\/wp\/v2\/product_tag?post=36978"}],"curies":[{"name":"wp","href":"https:\/\/api.w.org\/{rel}","templated":true}]}}