{"id":36993,"date":"2008-03-30T12:06:02","date_gmt":"2017-03-30T11:06:02","guid":{"rendered":"http:\/\/nesma.shop\/product\/nam-ya-habibi-instrumental"},"modified":"2017-04-03T22:19:23","modified_gmt":"2017-04-03T21:19:23","slug":"nam-ya-habibi-instrumental","status":"publish","type":"product","link":"https:\/\/nesma.shop\/en\/nam-ya-habibi-instrumental\/","title":{"rendered":"Nam Ya Habibi Instrumental"},"content":{"rendered":"<p><strong>Nam Ya Habibi Instrumental<br \/>\n<\/strong>Composici\u00f3n de <em>Ahmed Abdel Fattah<br \/>\n<\/em><\/p>\n<p>En esta versi\u00f3n instrumental hemos a\u00f1adido la percusi\u00f3n para hacerla m\u00e1s r\u00edtmica y bailable. El ritmo pasa del wahda al malfouf y la voz de la cantante se ha sustituido por el la\u00fad y el kanun.<\/p>\n<p><iframe loading=\"lazy\" src=\"https:\/\/w.soundcloud.com\/player\/?url=https%3A\/\/api.soundcloud.com\/tracks\/315082098&amp;color=ff5500&amp;auto_play=false&amp;hide_related=false&amp;show_comments=true&amp;show_user=true&amp;show_reposts=false\" width=\"100%\" height=\"166\" frameborder=\"no\" scrolling=\"no\"><\/iframe><\/p>\n<p><strong>\u00a0<\/strong><\/p>\n<p>&nbsp;<\/p>\n","protected":false},"excerpt":{"rendered":"<p>Artista: <strong>Nesma<\/strong><\/p>\n<p>T\u00edtulo: <strong>Nam Ya Habibi Instrumental<br \/>\n<\/strong><\/p>\n<p>Album: <strong>The Sword Dance &#8211; Magic Dances Vol 2<br \/>\n<\/strong><\/p>\n<p>Formato: <strong>MP3<\/strong> \/ <strong>WAV<\/strong><\/p>\n<p>[ssba]<\/p>\n<p>&nbsp;<\/p>\n","protected":false},"featured_media":36923,"comment_status":"open","ping_status":"closed","template":"","meta":[],"product_cat":[226,227],"product_tag":[229,245,246,247,248,233],"aioseo_notices":[],"_links":{"self":[{"href":"https:\/\/nesma.shop\/en\/wp-json\/wp\/v2\/product\/36993"}],"collection":[{"href":"https:\/\/nesma.shop\/en\/wp-json\/wp\/v2\/product"}],"about":[{"href":"https:\/\/nesma.shop\/en\/wp-json\/wp\/v2\/types\/product"}],"replies":[{"embeddable":true,"href":"https:\/\/nesma.shop\/en\/wp-json\/wp\/v2\/comments?post=36993"}],"wp:featuredmedia":[{"embeddable":true,"href":"https:\/\/nesma.shop\/en\/wp-json\/wp\/v2\/media\/36923"}],"wp:attachment":[{"href":"https:\/\/nesma.shop\/en\/wp-json\/wp\/v2\/media?parent=36993"}],"wp:term":[{"taxonomy":"product_cat","embeddable":true,"href":"https:\/\/nesma.shop\/en\/wp-json\/wp\/v2\/product_cat?post=36993"},{"taxonomy":"product_tag","embeddable":true,"href":"https:\/\/nesma.shop\/en\/wp-json\/wp\/v2\/product_tag?post=36993"}],"curies":[{"name":"wp","href":"https:\/\/api.w.org\/{rel}","templated":true}]}}