{"id":36996,"date":"2008-03-30T12:04:01","date_gmt":"2017-03-30T11:04:01","guid":{"rendered":"http:\/\/nesma.shop\/product\/nam-ya-habibi"},"modified":"2017-04-03T22:19:24","modified_gmt":"2017-04-03T21:19:24","slug":"nam-ya-habibi","status":"publish","type":"product","link":"https:\/\/nesma.shop\/en\/nam-ya-habibi\/","title":{"rendered":"Nam Ya Habibi"},"content":{"rendered":"<p><strong>Nam Ya Habibi\u00a0 <\/strong><em>Duerme mi amor<\/em><strong><br \/>\n<\/strong>Composici\u00f3n d<em>e Ahmed Abdel Fattah &#8211; <\/em>Letra de<em> Ezzeldin Hassan<br \/>\n<\/em><\/p>\n<p>He querido incluir esta canci\u00f3n, que es un regalo para las bailarinas que son madres o piensan serlo alg\u00fan d\u00eda. Era mi deseo de producir una nana de cuna al estilo oriental y que adem\u00e1s estuviera adaptada al baile. Espero que os llegue al coraz\u00f3n.<\/p>\n<p><iframe loading=\"lazy\" src=\"https:\/\/w.soundcloud.com\/player\/?url=https%3A\/\/api.soundcloud.com\/tracks\/315082105&amp;color=ff5500&amp;auto_play=false&amp;hide_related=false&amp;show_comments=true&amp;show_user=true&amp;show_reposts=false\" width=\"100%\" height=\"166\" frameborder=\"no\" scrolling=\"no\"><\/iframe><\/p>\n<p><strong>\u00a0<\/strong><\/p>\n<p>&nbsp;<\/p>\n","protected":false},"excerpt":{"rendered":"<p>Artista: <strong>Nesma<\/strong><\/p>\n<p>T\u00edtulo: <strong>Nam Ya Habibi<br \/>\n<\/strong><\/p>\n<p>Album: <strong>The Sword Dance &#8211; Magic Dances Vol 2<br \/>\n<\/strong><\/p>\n<p>Formato: <strong>MP3<\/strong> \/ <strong>WAV<\/strong><\/p>\n<p>[ssba]<\/p>\n<p>&nbsp;<\/p>\n","protected":false},"featured_media":36923,"comment_status":"open","ping_status":"closed","template":"","meta":[],"product_cat":[226,227],"product_tag":[229,245,246,247,248,233],"aioseo_notices":[],"_links":{"self":[{"href":"https:\/\/nesma.shop\/en\/wp-json\/wp\/v2\/product\/36996"}],"collection":[{"href":"https:\/\/nesma.shop\/en\/wp-json\/wp\/v2\/product"}],"about":[{"href":"https:\/\/nesma.shop\/en\/wp-json\/wp\/v2\/types\/product"}],"replies":[{"embeddable":true,"href":"https:\/\/nesma.shop\/en\/wp-json\/wp\/v2\/comments?post=36996"}],"wp:featuredmedia":[{"embeddable":true,"href":"https:\/\/nesma.shop\/en\/wp-json\/wp\/v2\/media\/36923"}],"wp:attachment":[{"href":"https:\/\/nesma.shop\/en\/wp-json\/wp\/v2\/media?parent=36996"}],"wp:term":[{"taxonomy":"product_cat","embeddable":true,"href":"https:\/\/nesma.shop\/en\/wp-json\/wp\/v2\/product_cat?post=36996"},{"taxonomy":"product_tag","embeddable":true,"href":"https:\/\/nesma.shop\/en\/wp-json\/wp\/v2\/product_tag?post=36996"}],"curies":[{"name":"wp","href":"https:\/\/api.w.org\/{rel}","templated":true}]}}