{"id":37002,"date":"2008-03-30T12:01:11","date_gmt":"2017-03-30T11:01:11","guid":{"rendered":"http:\/\/nesma.shop\/product\/with-peace-and-love-instrumental"},"modified":"2017-04-03T22:19:27","modified_gmt":"2017-04-03T21:19:27","slug":"with-peace-and-love-instrumental","status":"publish","type":"product","link":"https:\/\/nesma.shop\/en\/with-peace-and-love-instrumental\/","title":{"rendered":"With Peace And Love Instrumental"},"content":{"rendered":"<p><strong>With Peace and Love Instrumental<br \/>\n<\/strong>Composici\u00f3n de <em>Ahmed Abdel Fattah<br \/>\n<\/em><\/p>\n<p><em>Con Paz y Amor<\/em>, versi\u00f3n intrumental. Esta nueva versi\u00f3n instrumental es de menor duraci\u00f3n que la cantada. El la\u00fad y el viol\u00edn sustituyen a la voz, altern\u00e1ndose con maestr\u00eda.<\/p>\n<p>.<br \/>\n<iframe loading=\"lazy\" src=\"https:\/\/w.soundcloud.com\/player\/?url=https%3A\/\/api.soundcloud.com\/tracks\/315082114&amp;color=ff5500&amp;auto_play=false&amp;hide_related=false&amp;show_comments=true&amp;show_user=true&amp;show_reposts=false\" width=\"100%\" height=\"166\" frameborder=\"no\" scrolling=\"no\"><\/iframe><\/p>\n<p><strong>\u00a0<\/strong><\/p>\n<p>&nbsp;<\/p>\n","protected":false},"excerpt":{"rendered":"<p>Artista: <strong>Nesma<\/strong><\/p>\n<p>T\u00edtulo: <strong>With Peace and Love Instrumental<br \/>\n<\/strong><\/p>\n<p>Album: <strong>The Sword Dance\u00a0 &#8211; Magic Dances Vol 2<br \/>\n<\/strong><\/p>\n<p>Formato: <strong>MP3<\/strong> \/ <strong>WAV<\/strong><\/p>\n<p>[ssba]<\/p>\n","protected":false},"featured_media":36923,"comment_status":"open","ping_status":"closed","template":"","meta":[],"product_cat":[226,227],"product_tag":[229,245,246,247,248,233],"aioseo_notices":[],"_links":{"self":[{"href":"https:\/\/nesma.shop\/en\/wp-json\/wp\/v2\/product\/37002"}],"collection":[{"href":"https:\/\/nesma.shop\/en\/wp-json\/wp\/v2\/product"}],"about":[{"href":"https:\/\/nesma.shop\/en\/wp-json\/wp\/v2\/types\/product"}],"replies":[{"embeddable":true,"href":"https:\/\/nesma.shop\/en\/wp-json\/wp\/v2\/comments?post=37002"}],"wp:featuredmedia":[{"embeddable":true,"href":"https:\/\/nesma.shop\/en\/wp-json\/wp\/v2\/media\/36923"}],"wp:attachment":[{"href":"https:\/\/nesma.shop\/en\/wp-json\/wp\/v2\/media?parent=37002"}],"wp:term":[{"taxonomy":"product_cat","embeddable":true,"href":"https:\/\/nesma.shop\/en\/wp-json\/wp\/v2\/product_cat?post=37002"},{"taxonomy":"product_tag","embeddable":true,"href":"https:\/\/nesma.shop\/en\/wp-json\/wp\/v2\/product_tag?post=37002"}],"curies":[{"name":"wp","href":"https:\/\/api.w.org\/{rel}","templated":true}]}}