{"id":37011,"date":"2008-03-30T11:56:59","date_gmt":"2017-03-30T10:56:59","guid":{"rendered":"http:\/\/nesma.shop\/product\/mysterious-drums"},"modified":"2017-04-03T22:19:30","modified_gmt":"2017-04-03T21:19:30","slug":"mysterious-drums","status":"publish","type":"product","link":"https:\/\/nesma.shop\/en\/mysterious-drums\/","title":{"rendered":"Mysterious Drums"},"content":{"rendered":"<p><strong>Mysterious Drums<br \/>\n<\/strong>Composici\u00f3n de <em>Ahmed Abdel Fattah<\/em><\/p>\n<p><em>Tambores misteriosos<\/em><strong>. <\/strong>Un ritmo misterioso parece acercarse desde la lejan\u00eda, acompa\u00f1ado de una mezcla de sonidos electr\u00f3nicos y ac\u00fasticos (nay, la\u00fad, kanun y viol\u00edn). Esta combinaci\u00f3n tan sugerente nos evoca diversas sensaciones contrapuestas y a la vez tan afines: misterio y sensualidad.<\/p>\n<p><iframe loading=\"lazy\" src=\"https:\/\/w.soundcloud.com\/player\/?url=https%3A\/\/api.soundcloud.com\/tracks\/315082126&amp;color=ff5500&amp;auto_play=false&amp;hide_related=false&amp;show_comments=true&amp;show_user=true&amp;show_reposts=false\" width=\"100%\" height=\"166\" frameborder=\"no\" scrolling=\"no\"><\/iframe><\/p>\n<p><strong>\u00a0<\/strong><\/p>\n<p>&nbsp;<\/p>\n","protected":false},"excerpt":{"rendered":"<p>Artista: <strong>Nesma<\/strong><\/p>\n<p>T\u00edtulo: <strong>Mysterious Drums<br \/>\n<\/strong><\/p>\n<p>Album: <strong>The Sword Dance &#8211; Magic Dances Vol 2<br \/>\n<\/strong><\/p>\n<p>Formato: <strong>MP3<\/strong> \/ <strong>WAV<\/strong><\/p>\n<p>[ssba]<\/p>\n","protected":false},"featured_media":36923,"comment_status":"open","ping_status":"closed","template":"","meta":[],"product_cat":[226,227],"product_tag":[229,245,246,247,248,233],"aioseo_notices":[],"_links":{"self":[{"href":"https:\/\/nesma.shop\/en\/wp-json\/wp\/v2\/product\/37011"}],"collection":[{"href":"https:\/\/nesma.shop\/en\/wp-json\/wp\/v2\/product"}],"about":[{"href":"https:\/\/nesma.shop\/en\/wp-json\/wp\/v2\/types\/product"}],"replies":[{"embeddable":true,"href":"https:\/\/nesma.shop\/en\/wp-json\/wp\/v2\/comments?post=37011"}],"wp:featuredmedia":[{"embeddable":true,"href":"https:\/\/nesma.shop\/en\/wp-json\/wp\/v2\/media\/36923"}],"wp:attachment":[{"href":"https:\/\/nesma.shop\/en\/wp-json\/wp\/v2\/media?parent=37011"}],"wp:term":[{"taxonomy":"product_cat","embeddable":true,"href":"https:\/\/nesma.shop\/en\/wp-json\/wp\/v2\/product_cat?post=37011"},{"taxonomy":"product_tag","embeddable":true,"href":"https:\/\/nesma.shop\/en\/wp-json\/wp\/v2\/product_tag?post=37011"}],"curies":[{"name":"wp","href":"https:\/\/api.w.org\/{rel}","templated":true}]}}