{"id":37017,"date":"2008-03-30T11:54:09","date_gmt":"2017-03-30T10:54:09","guid":{"rendered":"http:\/\/nesma.shop\/product\/secret-castle"},"modified":"2017-04-03T22:19:33","modified_gmt":"2017-04-03T21:19:33","slug":"secret-castle","status":"publish","type":"product","link":"https:\/\/nesma.shop\/en\/secret-castle\/","title":{"rendered":"Secret Castle"},"content":{"rendered":"<p><strong>Secret Castle<br \/>\n<\/strong>Composici\u00f3n de <em>Ahmed Abdel Fattah<br \/>\n<\/em><\/p>\n<p><em>Castillo secreto<strong> . <\/strong><\/em>La composici\u00f3n musical que aqu\u00ed os presentamos combina a la perfecci\u00f3n sonidos electr\u00f3nicos con la m\u00fasica profundamente oriental, de estilo turco, envuelta en una atm\u00f3sfera andalus\u00ed de moaxajat, con ritmo Samai Saraband de 7\/8. Varios instrumentos ac\u00fasticos improvisan sobre la melod\u00eda base.<\/p>\n<p><iframe loading=\"lazy\" src=\"https:\/\/w.soundcloud.com\/player\/?url=https%3A\/\/api.soundcloud.com\/tracks\/315082129&amp;color=ff5500&amp;auto_play=false&amp;hide_related=false&amp;show_comments=true&amp;show_user=true&amp;show_reposts=false\" width=\"100%\" height=\"166\" frameborder=\"no\" scrolling=\"no\"><\/iframe><\/p>\n<p><strong>\u00a0<\/strong><\/p>\n<p>&nbsp;<\/p>\n","protected":false},"excerpt":{"rendered":"<p>Artista: <strong>Nesma<\/strong><\/p>\n<p>T\u00edtulo: <strong>Secret Castle<br \/>\n<\/strong><\/p>\n<p>Album: <strong>The Sword Dance &#8211; Magic Dances Vol 2<br \/>\n<\/strong><\/p>\n<p>Formato: <strong>MP3<\/strong> \/ <strong>WAV<\/strong><\/p>\n<p>[ssba]<\/p>\n","protected":false},"featured_media":36923,"comment_status":"open","ping_status":"closed","template":"","meta":[],"product_cat":[226,227],"product_tag":[229,245,246,247,248,233],"aioseo_notices":[],"_links":{"self":[{"href":"https:\/\/nesma.shop\/en\/wp-json\/wp\/v2\/product\/37017"}],"collection":[{"href":"https:\/\/nesma.shop\/en\/wp-json\/wp\/v2\/product"}],"about":[{"href":"https:\/\/nesma.shop\/en\/wp-json\/wp\/v2\/types\/product"}],"replies":[{"embeddable":true,"href":"https:\/\/nesma.shop\/en\/wp-json\/wp\/v2\/comments?post=37017"}],"wp:featuredmedia":[{"embeddable":true,"href":"https:\/\/nesma.shop\/en\/wp-json\/wp\/v2\/media\/36923"}],"wp:attachment":[{"href":"https:\/\/nesma.shop\/en\/wp-json\/wp\/v2\/media?parent=37017"}],"wp:term":[{"taxonomy":"product_cat","embeddable":true,"href":"https:\/\/nesma.shop\/en\/wp-json\/wp\/v2\/product_cat?post=37017"},{"taxonomy":"product_tag","embeddable":true,"href":"https:\/\/nesma.shop\/en\/wp-json\/wp\/v2\/product_tag?post=37017"}],"curies":[{"name":"wp","href":"https:\/\/api.w.org\/{rel}","templated":true}]}}