{"id":37023,"date":"2008-03-30T11:50:36","date_gmt":"2017-03-30T10:50:36","guid":{"rendered":"http:\/\/nesma.shop\/product\/no-more-war"},"modified":"2017-04-03T22:19:35","modified_gmt":"2017-04-03T21:19:35","slug":"no-more-war","status":"publish","type":"product","link":"https:\/\/nesma.shop\/en\/no-more-war\/","title":{"rendered":"No More War"},"content":{"rendered":"<p><strong>No More War\u00a0 <\/strong><em>No m\u00e1s Guerra<\/em><strong><br \/>\n<\/strong>Composici\u00f3n de <em>Ahmed Abdel Fattah<br \/>\n<\/em><\/p>\n<p>La protagonista de esta canci\u00f3n es Mar\u00eda, que est\u00e1 bailando probablemente con una espada. Se trata de una misteriosa canci\u00f3n que se desarrolla en un clima de sugerente atm\u00f3sfera. Mezcla\u00a0 distintas calidades sonoras: por un lado, cuatro instrumentos solistas de los m\u00e1s importantes en la m\u00fasica oriental (la\u00fad, kanun, viol\u00edn y nay) y, por otro, una base electr\u00f3nica con sonidos ambientales de choque de espadas, cadenas, etc.<br \/>\nQuisimos sugerir un ambiente de guerra, del cual unas voces masculinas surgen de fondo para decir en ingl\u00e9s: \u201cMar\u00eda, Mar\u00eda, no more war, we want peace\u201d (Mar\u00eda, Mar\u00eda, no m\u00e1s guerra, queremos paz).<br \/>\nLos hombres piden a Mar\u00eda que les ayude a conseguir la paz.<\/p>\n<p><iframe loading=\"lazy\" src=\"https:\/\/w.soundcloud.com\/player\/?url=https%3A\/\/api.soundcloud.com\/tracks\/315082135&amp;color=ff5500&amp;auto_play=false&amp;hide_related=false&amp;show_comments=true&amp;show_user=true&amp;show_reposts=false\" width=\"100%\" height=\"166\" frameborder=\"no\" scrolling=\"no\"><\/iframe><\/p>\n<p><strong>\u00a0<\/strong><\/p>\n<p>&nbsp;<\/p>\n","protected":false},"excerpt":{"rendered":"<p>Artista: <strong>Nesma<\/strong><\/p>\n<p>T\u00edtulo: <strong>No More War<br \/>\n<\/strong><\/p>\n<p>Album: <strong>The Sword Dance &#8211; Magic Dances Vol 2<br \/>\n<\/strong><\/p>\n<p>Formato: <strong>MP3<\/strong> \/ <strong>WAV<\/strong><\/p>\n<p>[ssba]<\/p>\n","protected":false},"featured_media":36923,"comment_status":"open","ping_status":"closed","template":"","meta":[],"product_cat":[226,227],"product_tag":[229,245,246,247,248,233],"aioseo_notices":[],"_links":{"self":[{"href":"https:\/\/nesma.shop\/en\/wp-json\/wp\/v2\/product\/37023"}],"collection":[{"href":"https:\/\/nesma.shop\/en\/wp-json\/wp\/v2\/product"}],"about":[{"href":"https:\/\/nesma.shop\/en\/wp-json\/wp\/v2\/types\/product"}],"replies":[{"embeddable":true,"href":"https:\/\/nesma.shop\/en\/wp-json\/wp\/v2\/comments?post=37023"}],"wp:featuredmedia":[{"embeddable":true,"href":"https:\/\/nesma.shop\/en\/wp-json\/wp\/v2\/media\/36923"}],"wp:attachment":[{"href":"https:\/\/nesma.shop\/en\/wp-json\/wp\/v2\/media?parent=37023"}],"wp:term":[{"taxonomy":"product_cat","embeddable":true,"href":"https:\/\/nesma.shop\/en\/wp-json\/wp\/v2\/product_cat?post=37023"},{"taxonomy":"product_tag","embeddable":true,"href":"https:\/\/nesma.shop\/en\/wp-json\/wp\/v2\/product_tag?post=37023"}],"curies":[{"name":"wp","href":"https:\/\/api.w.org\/{rel}","templated":true}]}}