{"id":37026,"date":"2008-03-30T11:46:12","date_gmt":"2017-03-30T10:46:12","guid":{"rendered":"http:\/\/nesma.shop\/product\/born-free"},"modified":"2017-04-03T22:19:36","modified_gmt":"2017-04-03T21:19:36","slug":"born-free","status":"publish","type":"product","link":"https:\/\/nesma.shop\/en\/born-free\/","title":{"rendered":"Born Free"},"content":{"rendered":"<p><strong>Born Free\u00a0\u00a0<\/strong><em> Nac\u00ed Libre<\/em><strong><br \/>\n<\/strong>Composici\u00f3n de <em>Ahmed Abdel Fattah . <\/em>Letra de<em> Ezzeldin Hassan<br \/>\n<\/em><\/p>\n<p>Este tema es de inspiraci\u00f3n andalus\u00ed. Su letra est\u00e1 compuesta especialmente para la danza de la espada y cuya traducci\u00f3n aportamos. Comienza con una introducci\u00f3n orquestal con ritmo masmoudi, muy utilizado en la m\u00fasica andalus\u00ed. En medio tiene un bonito takasim de nay y finalmente la canci\u00f3n evoluciona hacia un alegre ritmo \u00be, t\u00edpico andalus\u00ed, llamado Darek.<br \/>\nLa bella voz de la cantante solista alterna con la del coro. Ocho violines hacen las contestaciones a la melod\u00eda principal reforzada con el kanun, el la\u00fad y la nay.<\/p>\n<p><iframe loading=\"lazy\" src=\"https:\/\/w.soundcloud.com\/player\/?url=https%3A\/\/api.soundcloud.com\/tracks\/315082138&amp;color=ff5500&amp;auto_play=false&amp;hide_related=false&amp;show_comments=true&amp;show_user=true&amp;show_reposts=false\" width=\"100%\" height=\"166\" frameborder=\"no\" scrolling=\"no\"><\/iframe><\/p>\n<p><strong>\u00a0<\/strong><\/p>\n<p>&nbsp;<\/p>\n","protected":false},"excerpt":{"rendered":"<p>Artista: <strong>Nesma<\/strong><\/p>\n<p>T\u00edtulo: <strong>Born Free<br \/>\n<\/strong><\/p>\n<p>Album:<strong> The Sword Dance &#8211; Magic Dances Vol 2<br \/>\n<\/strong><\/p>\n<p>Formato: <strong>MP3<\/strong> \/ <strong>WAV<\/strong><\/p>\n<p>[ssba]<\/p>\n","protected":false},"featured_media":36923,"comment_status":"open","ping_status":"closed","template":"","meta":[],"product_cat":[226,227],"product_tag":[229,245,247,248,233],"aioseo_notices":[],"_links":{"self":[{"href":"https:\/\/nesma.shop\/en\/wp-json\/wp\/v2\/product\/37026"}],"collection":[{"href":"https:\/\/nesma.shop\/en\/wp-json\/wp\/v2\/product"}],"about":[{"href":"https:\/\/nesma.shop\/en\/wp-json\/wp\/v2\/types\/product"}],"replies":[{"embeddable":true,"href":"https:\/\/nesma.shop\/en\/wp-json\/wp\/v2\/comments?post=37026"}],"wp:featuredmedia":[{"embeddable":true,"href":"https:\/\/nesma.shop\/en\/wp-json\/wp\/v2\/media\/36923"}],"wp:attachment":[{"href":"https:\/\/nesma.shop\/en\/wp-json\/wp\/v2\/media?parent=37026"}],"wp:term":[{"taxonomy":"product_cat","embeddable":true,"href":"https:\/\/nesma.shop\/en\/wp-json\/wp\/v2\/product_cat?post=37026"},{"taxonomy":"product_tag","embeddable":true,"href":"https:\/\/nesma.shop\/en\/wp-json\/wp\/v2\/product_tag?post=37026"}],"curies":[{"name":"wp","href":"https:\/\/api.w.org\/{rel}","templated":true}]}}