{"id":37035,"date":"2007-03-30T11:19:53","date_gmt":"2017-03-30T10:19:53","guid":{"rendered":"http:\/\/nesma.shop\/product\/the-great-veil-of-friendship-and-love-instrumental"},"modified":"2017-04-03T22:19:40","modified_gmt":"2017-04-03T21:19:40","slug":"the-great-veil-of-friendship-and-love-instrumental","status":"publish","type":"product","link":"https:\/\/nesma.shop\/en\/the-great-veil-of-friendship-and-love-instrumental\/","title":{"rendered":"The Great Veil of Friendship and Love Instrumental"},"content":{"rendered":"<p><strong>The Great Veil of Friendship and Love Instrumental\u00a0\u00a0 <\/strong><em>El gran velo de la amistad y el amor \u2013 Versi\u00f3n instrumental<\/em><strong><br \/>\n<\/strong>Composici\u00f3n de <em>Ahmed Abdel Fattah<br \/>\n<\/em><\/p>\n<p>Esta pieza es la versi\u00f3n instrumental del tema anterior. La voz ha sido sustituida por un instrumento solista y adem\u00e1s hemos acortado su duraci\u00f3n para ofrecer otras posibilidades a las bailarinas.<\/p>\n<p><iframe loading=\"lazy\" src=\"https:\/\/w.soundcloud.com\/player\/?url=https%3A\/\/api.soundcloud.com\/tracks\/315028350&amp;color=ff5500&amp;auto_play=false&amp;hide_related=false&amp;show_comments=true&amp;show_user=true&amp;show_reposts=false\" width=\"100%\" height=\"166\" frameborder=\"no\" scrolling=\"no\"><\/iframe><\/p>\n<p><strong>\u00a0<\/strong><\/p>\n<p>&nbsp;<\/p>\n","protected":false},"excerpt":{"rendered":"<p>Artista: <strong>Nesma<\/strong><\/p>\n<p>T\u00edtulo: <strong>The Great Veil of Friendship and Love Instrumental<br \/>\n<\/strong><\/p>\n<p>Album: <strong>The Seven Veils Dance &#8211; Magic Dances Vol 1<\/strong><\/p>\n<p>Formato: <strong>MP3<\/strong> \/ <strong>WAV<\/strong><\/p>\n<p>[ssba]<\/p>\n<p>&nbsp;<\/p>\n","protected":false},"featured_media":36919,"comment_status":"open","ping_status":"closed","template":"","meta":[],"product_cat":[226,227],"product_tag":[229,245,246,247,233],"aioseo_notices":[],"_links":{"self":[{"href":"https:\/\/nesma.shop\/en\/wp-json\/wp\/v2\/product\/37035"}],"collection":[{"href":"https:\/\/nesma.shop\/en\/wp-json\/wp\/v2\/product"}],"about":[{"href":"https:\/\/nesma.shop\/en\/wp-json\/wp\/v2\/types\/product"}],"replies":[{"embeddable":true,"href":"https:\/\/nesma.shop\/en\/wp-json\/wp\/v2\/comments?post=37035"}],"wp:featuredmedia":[{"embeddable":true,"href":"https:\/\/nesma.shop\/en\/wp-json\/wp\/v2\/media\/36919"}],"wp:attachment":[{"href":"https:\/\/nesma.shop\/en\/wp-json\/wp\/v2\/media?parent=37035"}],"wp:term":[{"taxonomy":"product_cat","embeddable":true,"href":"https:\/\/nesma.shop\/en\/wp-json\/wp\/v2\/product_cat?post=37035"},{"taxonomy":"product_tag","embeddable":true,"href":"https:\/\/nesma.shop\/en\/wp-json\/wp\/v2\/product_tag?post=37035"}],"curies":[{"name":"wp","href":"https:\/\/api.w.org\/{rel}","templated":true}]}}