{"id":37041,"date":"2007-03-30T11:17:03","date_gmt":"2017-03-30T10:17:03","guid":{"rendered":"http:\/\/nesma.shop\/product\/the-great-veil-of-friendship-and-love"},"modified":"2017-04-03T22:19:43","modified_gmt":"2017-04-03T21:19:43","slug":"the-great-veil-of-friendship-and-love","status":"publish","type":"product","link":"https:\/\/nesma.shop\/en\/the-great-veil-of-friendship-and-love\/","title":{"rendered":"The Great Veil of Friendship and Love"},"content":{"rendered":"<p><strong>The Great Veil of Friendship and Love\u00a0\u00a0 <\/strong><em>El gran velo de la amistad y el amor<\/em><strong><br \/>\n<\/strong>Composici\u00f3n de <em>Ahmed Abdel Fattah<br \/>\n<\/em><\/p>\n<p>Esta obra est\u00e1 ideada para actuaciones en grandes espacios esc\u00e9nicos o para un gran grupo de bailarinas y una solista. Tambi\u00e9n se puede bailar con un gran velo que puede ser manejado entre varias personas. La danza del gran velo fue creada por el famoso core\u00f3grafo egipcio, Mahmoud Reda. La letra expresa la fuerza del amor que une fronteras, a trav\u00e9s de una mujer occidental que llega a un pa\u00eds \u00e1rabe y se enamora de su tierra y all\u00ed encuentra entre sus gentes el amor y la paz.<\/p>\n<p><iframe loading=\"lazy\" src=\"https:\/\/w.soundcloud.com\/player\/?url=https%3A\/\/api.soundcloud.com\/tracks\/315028349&amp;color=ff5500&amp;auto_play=false&amp;hide_related=false&amp;show_comments=true&amp;show_user=true&amp;show_reposts=false\" width=\"100%\" height=\"166\" frameborder=\"no\" scrolling=\"no\"><\/iframe><\/p>\n<p><strong>\u00a0<\/strong><\/p>\n<p>&nbsp;<\/p>\n","protected":false},"excerpt":{"rendered":"<p>Artista: <strong>Nesma<\/strong><\/p>\n<p>T\u00edtulo: <strong>The Great Veil of Friendship and Love<br \/>\n<\/strong><\/p>\n<p>Album: <strong>The Seven Veils Dance &#8211; Magic Dance Vol 1<\/strong><\/p>\n<p>Formato: <strong>MP3<\/strong> \/ <strong>WAV<\/strong><\/p>\n<p>[ssba]<\/p>\n","protected":false},"featured_media":36919,"comment_status":"open","ping_status":"closed","template":"","meta":[],"product_cat":[226,227],"product_tag":[229,245,246,247,233],"aioseo_notices":[],"_links":{"self":[{"href":"https:\/\/nesma.shop\/en\/wp-json\/wp\/v2\/product\/37041"}],"collection":[{"href":"https:\/\/nesma.shop\/en\/wp-json\/wp\/v2\/product"}],"about":[{"href":"https:\/\/nesma.shop\/en\/wp-json\/wp\/v2\/types\/product"}],"replies":[{"embeddable":true,"href":"https:\/\/nesma.shop\/en\/wp-json\/wp\/v2\/comments?post=37041"}],"wp:featuredmedia":[{"embeddable":true,"href":"https:\/\/nesma.shop\/en\/wp-json\/wp\/v2\/media\/36919"}],"wp:attachment":[{"href":"https:\/\/nesma.shop\/en\/wp-json\/wp\/v2\/media?parent=37041"}],"wp:term":[{"taxonomy":"product_cat","embeddable":true,"href":"https:\/\/nesma.shop\/en\/wp-json\/wp\/v2\/product_cat?post=37041"},{"taxonomy":"product_tag","embeddable":true,"href":"https:\/\/nesma.shop\/en\/wp-json\/wp\/v2\/product_tag?post=37041"}],"curies":[{"name":"wp","href":"https:\/\/api.w.org\/{rel}","templated":true}]}}