{"id":37047,"date":"2007-03-30T11:14:27","date_gmt":"2017-03-30T10:14:27","guid":{"rendered":"http:\/\/nesma.shop\/product\/ishtars-seven-veils"},"modified":"2017-04-03T22:19:45","modified_gmt":"2017-04-03T21:19:45","slug":"ishtars-seven-veils","status":"publish","type":"product","link":"https:\/\/nesma.shop\/en\/ishtars-seven-veils\/","title":{"rendered":"Ishtar&#8217;s Seven Veils"},"content":{"rendered":"<p><strong>Ishtar&#8217;s Seven Veils\u00a0\u00a0 <\/strong><em>Los siete velos de Ishtar<br \/>\n<\/em>Composici\u00f3n de <em>Ahmed Abdel Fattah<\/em><\/p>\n<p>Otra de las historias que pueden explicar el origen de la danza de los siete velos es el mito de la diosa Isthar. Guiada por su amor hacia Tamuz, Ishtar viaja al submundo para buscar a su amado. Cuando Ishtar llega al submundo tiene que cruzar los siete vest\u00edbulos. En cada uno de ellos, deja una de sus pertenencias, una joya, o un velo. Y al despojarse de los velos, Ishtar revela su verdad y de este modo logra encontrar el aut\u00e9ntico amor. Cada velo simboliza lo que ocultamos. Esta segunda versi\u00f3n de la danza de los siete velos tiene un estilo distinto a la anterior. Es m\u00e1s moderna, m\u00e1s r\u00e1pida y hemos querido que tenga una orientaci\u00f3n pedag\u00f3gica llevando cada una de sus partes un ritmo distinto (masmudi, maksum, malfuf, saidi, wahda, ayub) y un instrumento diferente (nay, kanun, violines, acorde\u00f3n, kawala, clarinete, tabla).<\/p>\n<p><iframe loading=\"lazy\" src=\"https:\/\/w.soundcloud.com\/player\/?url=https%3A\/\/api.soundcloud.com\/tracks\/315028358&amp;color=ff5500&amp;auto_play=false&amp;hide_related=false&amp;show_comments=true&amp;show_user=true&amp;show_reposts=false\" width=\"100%\" height=\"166\" frameborder=\"no\" scrolling=\"no\"><\/iframe><\/p>\n<p><strong>\u00a0<\/strong><\/p>\n<p>&nbsp;<\/p>\n","protected":false},"excerpt":{"rendered":"<p>Artista: <strong>Nesma<\/strong><\/p>\n<p>T\u00edtulo: <strong>Ishtar&#8217;s Seven Veils<br \/>\n<\/strong><\/p>\n<p>Album: <strong>The Seven Veils Dance &#8211; Magic Dance Vol 1<\/strong><\/p>\n<p>Formato: <strong>MP3<\/strong> \/ <strong>WAV<\/strong><\/p>\n<p>[ssba]<\/p>\n<p>&nbsp;<\/p>\n","protected":false},"featured_media":36919,"comment_status":"open","ping_status":"closed","template":"","meta":[],"product_cat":[226,227],"product_tag":[229,245,246,247,233],"aioseo_notices":[],"_links":{"self":[{"href":"https:\/\/nesma.shop\/en\/wp-json\/wp\/v2\/product\/37047"}],"collection":[{"href":"https:\/\/nesma.shop\/en\/wp-json\/wp\/v2\/product"}],"about":[{"href":"https:\/\/nesma.shop\/en\/wp-json\/wp\/v2\/types\/product"}],"replies":[{"embeddable":true,"href":"https:\/\/nesma.shop\/en\/wp-json\/wp\/v2\/comments?post=37047"}],"wp:featuredmedia":[{"embeddable":true,"href":"https:\/\/nesma.shop\/en\/wp-json\/wp\/v2\/media\/36919"}],"wp:attachment":[{"href":"https:\/\/nesma.shop\/en\/wp-json\/wp\/v2\/media?parent=37047"}],"wp:term":[{"taxonomy":"product_cat","embeddable":true,"href":"https:\/\/nesma.shop\/en\/wp-json\/wp\/v2\/product_cat?post=37047"},{"taxonomy":"product_tag","embeddable":true,"href":"https:\/\/nesma.shop\/en\/wp-json\/wp\/v2\/product_tag?post=37047"}],"curies":[{"name":"wp","href":"https:\/\/api.w.org\/{rel}","templated":true}]}}