{"id":37059,"date":"2007-03-30T10:53:21","date_gmt":"2017-03-30T09:53:21","guid":{"rendered":"http:\/\/nesma.shop\/product\/salomes-seven-veils"},"modified":"2017-04-03T22:19:49","modified_gmt":"2017-04-03T21:19:49","slug":"salomes-seven-veils","status":"publish","type":"product","link":"https:\/\/nesma.shop\/en\/salomes-seven-veils\/","title":{"rendered":"Salome&#8217;s Seven Veils"},"content":{"rendered":"<p><strong>Salome&#8217;s Seven Veils\u00a0\u00a0 <\/strong><em>Los siete velos de Salom\u00e9<\/em><strong><br \/>\n<\/strong>Composici\u00f3n de <em>Ahmed Abdel Fattah<br \/>\n<\/em><\/p>\n<p>Esta danza es una de las m\u00e1s m\u00edsticas y una de las que m\u00e1s curiosidad despierta. Aunque no existe ninguna evidencia de que realmente existiera en la antig\u00fcedad, son muchas las personas que han tratado de encontrar sus or\u00edgenes.<br \/>\nEl n\u00famero siete es un n\u00famero m\u00e1gico. Para los egipcios representa la energ\u00eda vital y son siete los chakras del yoga. Tambi\u00e9n son siete los colores del arco iris.<br \/>\nUna de las leyendas que intentan explicar el origen de la Danza de los Siete Velos es la de Salom\u00e9 cuando bail\u00f3 para el rey Herodes. Aunque la Biblia no hace ninguna alusi\u00f3n a esta historia, s\u00ed inspir\u00f3 la obra de Oscar Wilde (1891), que lleva por t\u00edtulo el mismo nombre. La pel\u00edcula protagonizada por <strong>Rita Hayworth<\/strong> termin\u00f3 por hacer famosa esta danza en el mundo occidental.<\/p>\n<p><iframe loading=\"lazy\" src=\"https:\/\/w.soundcloud.com\/player\/?url=https%3A\/\/api.soundcloud.com\/tracks\/315028354&amp;color=ff5500&amp;auto_play=false&amp;hide_related=false&amp;show_comments=true&amp;show_user=true&amp;show_reposts=false\" width=\"100%\" height=\"166\" frameborder=\"no\" scrolling=\"no\"><\/iframe><\/p>\n<p><strong>\u00a0<\/strong><\/p>\n<p>&nbsp;<\/p>\n","protected":false},"excerpt":{"rendered":"<p>Artista: <strong>Nesma<\/strong><\/p>\n<p>T\u00edtulo: <strong>Salome&#8217;s Seven Veils <\/strong>(7:41)<strong><br \/>\n<\/strong><\/p>\n<p>Album: <strong>The Seven Veils Dance &#8211; Magic Dances Vol 1<\/strong><\/p>\n<p>Formato: <strong>MP3<\/strong> \/ <strong>WAV<\/strong><\/p>\n<p>[ssba]<\/p>\n<p>&nbsp;<\/p>\n","protected":false},"featured_media":36919,"comment_status":"open","ping_status":"closed","template":"","meta":[],"product_cat":[226,227],"product_tag":[229,245,246,247,233],"aioseo_notices":[],"_links":{"self":[{"href":"https:\/\/nesma.shop\/en\/wp-json\/wp\/v2\/product\/37059"}],"collection":[{"href":"https:\/\/nesma.shop\/en\/wp-json\/wp\/v2\/product"}],"about":[{"href":"https:\/\/nesma.shop\/en\/wp-json\/wp\/v2\/types\/product"}],"replies":[{"embeddable":true,"href":"https:\/\/nesma.shop\/en\/wp-json\/wp\/v2\/comments?post=37059"}],"wp:featuredmedia":[{"embeddable":true,"href":"https:\/\/nesma.shop\/en\/wp-json\/wp\/v2\/media\/36919"}],"wp:attachment":[{"href":"https:\/\/nesma.shop\/en\/wp-json\/wp\/v2\/media?parent=37059"}],"wp:term":[{"taxonomy":"product_cat","embeddable":true,"href":"https:\/\/nesma.shop\/en\/wp-json\/wp\/v2\/product_cat?post=37059"},{"taxonomy":"product_tag","embeddable":true,"href":"https:\/\/nesma.shop\/en\/wp-json\/wp\/v2\/product_tag?post=37059"}],"curies":[{"name":"wp","href":"https:\/\/api.w.org\/{rel}","templated":true}]}}