{"id":37074,"date":"2007-01-10T10:49:07","date_gmt":"2017-03-30T09:49:07","guid":{"rendered":"http:\/\/nesma.shop\/product\/fi-samaa-al-musika"},"modified":"2017-04-03T22:19:53","modified_gmt":"2017-04-03T21:19:53","slug":"fi-samaa-al-musika","status":"publish","type":"product","link":"https:\/\/nesma.shop\/en\/fi-samaa-al-musika\/","title":{"rendered":"Fi Samaa Al-Musika"},"content":{"rendered":"<p><strong>Fi Samaa Al-Musika\u00a0\u00a0 <\/strong><em>En el cielo de la m\u00fasica<\/em><strong><br \/>\n<\/strong>Composici\u00f3n de <em>Moddathir Aboul Wafa<br \/>\n<\/em><\/p>\n<p>Esta pieza expresa la sensaci\u00f3n de liberaci\u00f3n y el dejarse llevar por la experiencia de la libertad sin l\u00edmites, lejos de un ambiente fijo que produce aburrimiento. Desde el punto de vista del autor, la composici\u00f3n refleja la evoluci\u00f3n art\u00edstica que ha experimentado Egipto hasta alcanzar su m\u00e1ximo esplendor a mediados del siglo veinte.<\/p>\n<p><iframe loading=\"lazy\" src=\"https:\/\/w.soundcloud.com\/player\/?url=https%3A\/\/api.soundcloud.com\/tracks\/315020316&amp;color=ff5500&amp;auto_play=false&amp;hide_related=false&amp;show_comments=true&amp;show_user=true&amp;show_reposts=false\" width=\"100%\" height=\"166\" frameborder=\"no\" scrolling=\"no\"><\/iframe><\/p>\n<p><strong>\u00a0<\/strong><\/p>\n<p>&nbsp;<\/p>\n","protected":false},"excerpt":{"rendered":"<p>Artista: <strong>Moddathir Aboul Wafa<br \/>\n<\/strong><\/p>\n<p>T\u00edtulo: <strong>Fi Samaa Al-Musika <\/strong>(7:39)<strong><br \/>\n<\/strong><\/p>\n<p>Album: <strong>Toola<br \/>\n<\/strong><\/p>\n<p>Formato: <strong>MP3<\/strong> \/ <strong>WAV<\/strong><\/p>\n<p>[ssba]<\/p>\n<p>&nbsp;<\/p>\n","protected":false},"featured_media":36905,"comment_status":"open","ping_status":"closed","template":"","meta":[],"product_cat":[226,227],"product_tag":[229,245,246,232,233],"aioseo_notices":[],"_links":{"self":[{"href":"https:\/\/nesma.shop\/en\/wp-json\/wp\/v2\/product\/37074"}],"collection":[{"href":"https:\/\/nesma.shop\/en\/wp-json\/wp\/v2\/product"}],"about":[{"href":"https:\/\/nesma.shop\/en\/wp-json\/wp\/v2\/types\/product"}],"replies":[{"embeddable":true,"href":"https:\/\/nesma.shop\/en\/wp-json\/wp\/v2\/comments?post=37074"}],"wp:featuredmedia":[{"embeddable":true,"href":"https:\/\/nesma.shop\/en\/wp-json\/wp\/v2\/media\/36905"}],"wp:attachment":[{"href":"https:\/\/nesma.shop\/en\/wp-json\/wp\/v2\/media?parent=37074"}],"wp:term":[{"taxonomy":"product_cat","embeddable":true,"href":"https:\/\/nesma.shop\/en\/wp-json\/wp\/v2\/product_cat?post=37074"},{"taxonomy":"product_tag","embeddable":true,"href":"https:\/\/nesma.shop\/en\/wp-json\/wp\/v2\/product_tag?post=37074"}],"curies":[{"name":"wp","href":"https:\/\/api.w.org\/{rel}","templated":true}]}}