{"id":37083,"date":"2007-01-10T10:09:20","date_gmt":"2017-03-30T09:09:20","guid":{"rendered":"http:\/\/nesma.shop\/product\/mawkeb-el-nagham"},"modified":"2017-04-03T22:19:57","modified_gmt":"2017-04-03T21:19:57","slug":"mawkeb-el-nagham","status":"publish","type":"product","link":"https:\/\/nesma.shop\/en\/mawkeb-el-nagham\/","title":{"rendered":"Mawkeb El Nagham"},"content":{"rendered":"<p><strong>Mawkeb El Nagham\u00a0\u00a0 <\/strong><em>Procesi\u00f3n de melod\u00edas<\/em><strong><br \/>\n<\/strong>Composici\u00f3n de <em>Moddathir Aboul Wafa<br \/>\n<\/em><\/p>\n<p>Este tema representa en la imaginaci\u00f3n del autor la salida de una procesi\u00f3n real. Las lujosas melod\u00edas acompa\u00f1adas por elegantes y complicados ritmos relevan la majestuosidad de la procesi\u00f3n, que celebra la grandeza del rey, el la\u00fad.<\/p>\n<p><iframe loading=\"lazy\" src=\"https:\/\/w.soundcloud.com\/player\/?url=https%3A\/\/api.soundcloud.com\/tracks\/315020313&amp;color=ff5500&amp;auto_play=false&amp;hide_related=false&amp;show_comments=true&amp;show_user=true&amp;show_reposts=false\" width=\"100%\" height=\"166\" frameborder=\"no\" scrolling=\"no\"><\/iframe><\/p>\n<p><strong>\u00a0<\/strong><\/p>\n<p>&nbsp;<\/p>\n","protected":false},"excerpt":{"rendered":"<p>Artista: <strong>Nesma<\/strong><\/p>\n<p>T\u00edtulo: <strong>Mawkeb El Nagham <\/strong>(9:02)<strong><br \/>\n<\/strong><\/p>\n<p>Album: <strong>Toola<\/strong><\/p>\n<p>Formato: <strong>MP3<\/strong> \/ <strong>WAV<\/strong><\/p>\n<p>[ssba]<\/p>\n<p>&nbsp;<\/p>\n","protected":false},"featured_media":36905,"comment_status":"open","ping_status":"closed","template":"","meta":[],"product_cat":[226,227],"product_tag":[229,245,246,232,233],"aioseo_notices":[],"_links":{"self":[{"href":"https:\/\/nesma.shop\/en\/wp-json\/wp\/v2\/product\/37083"}],"collection":[{"href":"https:\/\/nesma.shop\/en\/wp-json\/wp\/v2\/product"}],"about":[{"href":"https:\/\/nesma.shop\/en\/wp-json\/wp\/v2\/types\/product"}],"replies":[{"embeddable":true,"href":"https:\/\/nesma.shop\/en\/wp-json\/wp\/v2\/comments?post=37083"}],"wp:featuredmedia":[{"embeddable":true,"href":"https:\/\/nesma.shop\/en\/wp-json\/wp\/v2\/media\/36905"}],"wp:attachment":[{"href":"https:\/\/nesma.shop\/en\/wp-json\/wp\/v2\/media?parent=37083"}],"wp:term":[{"taxonomy":"product_cat","embeddable":true,"href":"https:\/\/nesma.shop\/en\/wp-json\/wp\/v2\/product_cat?post=37083"},{"taxonomy":"product_tag","embeddable":true,"href":"https:\/\/nesma.shop\/en\/wp-json\/wp\/v2\/product_tag?post=37083"}],"curies":[{"name":"wp","href":"https:\/\/api.w.org\/{rel}","templated":true}]}}