{"id":37177,"date":"2005-03-29T17:23:10","date_gmt":"2017-03-29T16:23:10","guid":{"rendered":"http:\/\/nesma.shop\/product\/lamouni-ligharou-menni"},"modified":"2017-04-03T22:20:41","modified_gmt":"2017-04-03T21:20:41","slug":"lamouni-ligharou-menni","status":"publish","type":"product","link":"https:\/\/nesma.shop\/en\/lamouni-ligharou-menni\/","title":{"rendered":"Lamouni Ligharou Menni"},"content":{"rendered":"<p><strong>Entrada de Danza Orriental<br \/>\n<\/strong>Composici\u00f3n de <em>Osama El Gohary<\/em><\/p>\n<p>Preludio del espect\u00e1culo que sirve para preparar y crear en el p\u00fablico el ambiente adecuado para recibir a la bailarina. Composici\u00f3n creada para Nesma en 1997 por el magn\u00edfico compositor egipcio Osama El Gohary.<\/p>\n<p><iframe loading=\"lazy\" src=\"https:\/\/w.soundcloud.com\/player\/?url=https%3A\/\/api.soundcloud.com\/tracks\/315070900&amp;color=ff5500&amp;auto_play=false&amp;hide_related=false&amp;show_comments=true&amp;show_user=true&amp;show_reposts=false\" width=\"100%\" height=\"166\" frameborder=\"no\" scrolling=\"no\"><\/iframe><\/p>\n<p><strong>\u00a0<\/strong><\/p>\n<p>&nbsp;<\/p>\n","protected":false},"excerpt":{"rendered":"<p>Artista: <strong>Nesma<\/strong><\/p>\n<p>Titulo: <strong>Nesma Overture<\/strong><\/p>\n<p>Alb\u00fam: <strong>Memories of Cairo &#8211; Oriental Dance Music Vol 1<\/strong><\/p>\n<p>Formato: <strong>MP3<\/strong> \/ <strong>WAV<\/strong><\/p>\n<p>[ssba]<\/p>\n","protected":false},"featured_media":36909,"comment_status":"open","ping_status":"closed","template":"","meta":[],"product_cat":[226,227],"product_tag":[229,245,246,233],"aioseo_notices":[],"_links":{"self":[{"href":"https:\/\/nesma.shop\/en\/wp-json\/wp\/v2\/product\/37177"}],"collection":[{"href":"https:\/\/nesma.shop\/en\/wp-json\/wp\/v2\/product"}],"about":[{"href":"https:\/\/nesma.shop\/en\/wp-json\/wp\/v2\/types\/product"}],"replies":[{"embeddable":true,"href":"https:\/\/nesma.shop\/en\/wp-json\/wp\/v2\/comments?post=37177"}],"wp:featuredmedia":[{"embeddable":true,"href":"https:\/\/nesma.shop\/en\/wp-json\/wp\/v2\/media\/36909"}],"wp:attachment":[{"href":"https:\/\/nesma.shop\/en\/wp-json\/wp\/v2\/media?parent=37177"}],"wp:term":[{"taxonomy":"product_cat","embeddable":true,"href":"https:\/\/nesma.shop\/en\/wp-json\/wp\/v2\/product_cat?post=37177"},{"taxonomy":"product_tag","embeddable":true,"href":"https:\/\/nesma.shop\/en\/wp-json\/wp\/v2\/product_tag?post=37177"}],"curies":[{"name":"wp","href":"https:\/\/api.w.org\/{rel}","templated":true}]}}