{"id":37199,"date":"2005-03-29T17:03:21","date_gmt":"2017-03-29T16:03:21","guid":{"rendered":"http:\/\/nesma.shop\/product\/daret-el-ayam-i"},"modified":"2017-04-03T22:20:53","modified_gmt":"2017-04-03T21:20:53","slug":"daret-el-ayam-i","status":"publish","type":"product","link":"https:\/\/nesma.shop\/en\/daret-el-ayam-i\/","title":{"rendered":"Daret El Ayam I"},"content":{"rendered":"<p><strong>Daret El Ayam I<br \/>\n<\/strong>Composici\u00f3n de <em>Mohamed Abdel Wahab<br \/>\n<\/em><\/p>\n<p>Como pieza final de su espect\u00e1culo Nesma ha utilizado en numerosas ocasiones esta composici\u00f3n del popular maestro Mohamed Abdel Wahab. Compuesta en su origen para la m\u00edtica cantante Oum Kalthoum, esta versi\u00f3n instrumental ha sido especialmente arreglada para danza, y en ella, diferentes instrumentos van tomando el relevo en la interpretaci\u00f3n de la parte cantada.<\/p>\n<p>&nbsp;<\/p>\n<p><iframe loading=\"lazy\" src=\"https:\/\/w.soundcloud.com\/player\/?url=https%3A\/\/api.soundcloud.com\/tracks\/315094706&amp;color=ff5500&amp;auto_play=false&amp;hide_related=false&amp;show_comments=true&amp;show_user=true&amp;show_reposts=false\" width=\"100%\" height=\"166\" frameborder=\"no\" scrolling=\"no\"><\/iframe><\/p>\n<p><strong>\u00a0<\/strong><\/p>\n<p>&nbsp;<\/p>\n","protected":false},"excerpt":{"rendered":"<p>Artista: <strong>Nesma<\/strong><\/p>\n<p>T\u00edtulo: <strong>Daret El Ayam I<\/strong><\/p>\n<p>Album: <strong>Memories of Cairo &#8211; Oriental Dance Music Vol 1<\/strong><\/p>\n<p>Formato: <strong>MP3<\/strong> \/ <strong>WAV<\/strong><\/p>\n<p>[ssba]<\/p>\n","protected":false},"featured_media":36902,"comment_status":"open","ping_status":"closed","template":"","meta":[],"product_cat":[226,227],"product_tag":[244,229,245,246,233],"aioseo_notices":[],"_links":{"self":[{"href":"https:\/\/nesma.shop\/en\/wp-json\/wp\/v2\/product\/37199"}],"collection":[{"href":"https:\/\/nesma.shop\/en\/wp-json\/wp\/v2\/product"}],"about":[{"href":"https:\/\/nesma.shop\/en\/wp-json\/wp\/v2\/types\/product"}],"replies":[{"embeddable":true,"href":"https:\/\/nesma.shop\/en\/wp-json\/wp\/v2\/comments?post=37199"}],"wp:featuredmedia":[{"embeddable":true,"href":"https:\/\/nesma.shop\/en\/wp-json\/wp\/v2\/media\/36902"}],"wp:attachment":[{"href":"https:\/\/nesma.shop\/en\/wp-json\/wp\/v2\/media?parent=37199"}],"wp:term":[{"taxonomy":"product_cat","embeddable":true,"href":"https:\/\/nesma.shop\/en\/wp-json\/wp\/v2\/product_cat?post=37199"},{"taxonomy":"product_tag","embeddable":true,"href":"https:\/\/nesma.shop\/en\/wp-json\/wp\/v2\/product_tag?post=37199"}],"curies":[{"name":"wp","href":"https:\/\/api.w.org\/{rel}","templated":true}]}}