{"id":37205,"date":"2005-03-29T16:59:26","date_gmt":"2017-03-29T15:59:26","guid":{"rendered":"http:\/\/nesma.shop\/product\/husseins-solo"},"modified":"2017-04-03T22:21:43","modified_gmt":"2017-04-03T21:21:43","slug":"husseins-solo","status":"publish","type":"product","link":"https:\/\/nesma.shop\/en\/husseins-solo\/","title":{"rendered":"Hussein&#8217;s Solo"},"content":{"rendered":"<p><strong>Hussein&#8217;s Solo<br \/>\n<\/strong>de<em> Hussein el Zahaar<br \/>\n<\/em><\/p>\n<p>Hussein el Zahaar fue el percusionista de Nagua Fouad durante m\u00e1s de 15 a\u00f1os y se hizo c\u00e9lebre por su dilatada experiencia con bailarinas. Tambi\u00e9n trabaj\u00f3 en la compa\u00f1\u00eda de Nesma, para la que compuso este fascinante solo de tabla.<br \/>\n<iframe loading=\"lazy\" src=\"https:\/\/w.soundcloud.com\/player\/?url=https%3A\/\/api.soundcloud.com\/tracks\/315094713&amp;color=ff5500&amp;auto_play=false&amp;hide_related=false&amp;show_comments=true&amp;show_user=true&amp;show_reposts=false\" width=\"100%\" height=\"166\" frameborder=\"no\" scrolling=\"no\"><\/iframe><\/p>\n<p><strong>\u00a0<\/strong><\/p>\n<p>&nbsp;<\/p>\n","protected":false},"excerpt":{"rendered":"<p>Artista: <strong>Nesma<\/strong><\/p>\n<p>T\u00edtulo: <strong>Hussein&#8217;s Solo <\/strong>(5:24)<strong><br \/>\n<\/strong><\/p>\n<p>Album: <strong>Memories of Cairo &#8211; Oriental Dance Music Vol 1<\/strong><\/p>\n<p>Formato: <strong>MP3<\/strong> \/ <strong>WAV<\/strong><\/p>\n<p>[ssba]<\/p>\n","protected":false},"featured_media":36902,"comment_status":"open","ping_status":"closed","template":"","meta":[],"product_cat":[226,227],"product_tag":[244,229,245,246,233],"aioseo_notices":[],"_links":{"self":[{"href":"https:\/\/nesma.shop\/en\/wp-json\/wp\/v2\/product\/37205"}],"collection":[{"href":"https:\/\/nesma.shop\/en\/wp-json\/wp\/v2\/product"}],"about":[{"href":"https:\/\/nesma.shop\/en\/wp-json\/wp\/v2\/types\/product"}],"replies":[{"embeddable":true,"href":"https:\/\/nesma.shop\/en\/wp-json\/wp\/v2\/comments?post=37205"}],"wp:featuredmedia":[{"embeddable":true,"href":"https:\/\/nesma.shop\/en\/wp-json\/wp\/v2\/media\/36902"}],"wp:attachment":[{"href":"https:\/\/nesma.shop\/en\/wp-json\/wp\/v2\/media?parent=37205"}],"wp:term":[{"taxonomy":"product_cat","embeddable":true,"href":"https:\/\/nesma.shop\/en\/wp-json\/wp\/v2\/product_cat?post=37205"},{"taxonomy":"product_tag","embeddable":true,"href":"https:\/\/nesma.shop\/en\/wp-json\/wp\/v2\/product_tag?post=37205"}],"curies":[{"name":"wp","href":"https:\/\/api.w.org\/{rel}","templated":true}]}}