{"id":37208,"date":"2005-03-29T16:57:29","date_gmt":"2017-03-29T15:57:29","guid":{"rendered":"http:\/\/nesma.shop\/product\/haniin"},"modified":"2017-04-03T22:21:44","modified_gmt":"2017-04-03T21:21:44","slug":"haniin","status":"publish","type":"product","link":"https:\/\/nesma.shop\/en\/haniin\/","title":{"rendered":"Haniin"},"content":{"rendered":"<p><strong>Haniin<br \/>\n<\/strong>Composici\u00f3n de <em>Osama El Gohary<\/em><\/p>\n<p>Maravillosa pieza oriental compuesta para Nesma en 1996 por el compositor Osama El Gohary. Como la mayor\u00eda de los orientales, este tema arranca con una entrada impetuosa, continua con un \u00e1gil desarrollo basado en una amplia variedad r\u00edtmica y concluye con un poderoso final.<br \/>\n<iframe loading=\"lazy\" src=\"https:\/\/w.soundcloud.com\/player\/?url=https%3A\/\/api.soundcloud.com\/tracks\/315094717&amp;color=ff5500&amp;auto_play=false&amp;hide_related=false&amp;show_comments=true&amp;show_user=true&amp;show_reposts=false\" width=\"100%\" height=\"166\" frameborder=\"no\" scrolling=\"no\"><\/iframe><\/p>\n<p><strong>\u00a0<\/strong><\/p>\n<p>&nbsp;<\/p>\n","protected":false},"excerpt":{"rendered":"<p>Artista: <strong>Nesma<\/strong><\/p>\n<p>T\u00edtulo: <strong>Haniin <\/strong>(9:28)<\/p>\n<p>Album: <strong>Memories of Cairo &#8211; Oriental Dance Music Vol 1<\/strong><\/p>\n<p>Formato: <strong>MP3<\/strong> \/ <strong>WAV<\/strong><\/p>\n<p>[ssba]<\/p>\n","protected":false},"featured_media":36902,"comment_status":"open","ping_status":"closed","template":"","meta":[],"product_cat":[226,227],"product_tag":[244,229,245,246,233],"aioseo_notices":[],"_links":{"self":[{"href":"https:\/\/nesma.shop\/en\/wp-json\/wp\/v2\/product\/37208"}],"collection":[{"href":"https:\/\/nesma.shop\/en\/wp-json\/wp\/v2\/product"}],"about":[{"href":"https:\/\/nesma.shop\/en\/wp-json\/wp\/v2\/types\/product"}],"replies":[{"embeddable":true,"href":"https:\/\/nesma.shop\/en\/wp-json\/wp\/v2\/comments?post=37208"}],"wp:featuredmedia":[{"embeddable":true,"href":"https:\/\/nesma.shop\/en\/wp-json\/wp\/v2\/media\/36902"}],"wp:attachment":[{"href":"https:\/\/nesma.shop\/en\/wp-json\/wp\/v2\/media?parent=37208"}],"wp:term":[{"taxonomy":"product_cat","embeddable":true,"href":"https:\/\/nesma.shop\/en\/wp-json\/wp\/v2\/product_cat?post=37208"},{"taxonomy":"product_tag","embeddable":true,"href":"https:\/\/nesma.shop\/en\/wp-json\/wp\/v2\/product_tag?post=37208"}],"curies":[{"name":"wp","href":"https:\/\/api.w.org\/{rel}","templated":true}]}}